 
{"id":188,"date":"2017-01-20T10:34:28","date_gmt":"2017-01-20T10:34:28","guid":{"rendered":"http:\/\/www.afa-bizkaia.com\/aviso-legal\/"},"modified":"2019-10-08T11:35:03","modified_gmt":"2019-10-08T11:35:03","slug":"legezko-oharra","status":"publish","type":"page","link":"https:\/\/www.afa-bizkaia.com\/eu\/legezko-oharra\/","title":{"rendered":"Legezko oharra"},"content":{"rendered":"<p>En cumplimiento de la Ley 34\/2002, de 11 de julio, de servicios de la sociedad de la informaci\u00f3n y de comercio electr\u00f3nico (LSSI), le informamos de que:<\/p>\n<p><strong> ASOCIACION DE FAMILIARES DE PERSONAS ENFERMAS ALZHEIMER Y OTRAS DEMENCIAS DE BIZKAIA (AFA BIZKAIA) (en adelante ASOCIACION DE FAMILIARES DE PERSONAS ENFERMAS ALZHEIMER Y OTRAS DEMENCIAS DE BIZKAIA (AFA BIZKAIA))<\/strong>. Su NIF es G48429088 y tiene su domicilio en JOSE MARIA OLABARRI, 6 BAJO LONJA &#8211; 48001 BILBO\/BILBAO (BIZKAIA).<\/p>\n<p><strong>Datos de contacto<\/strong>:<\/p>\n<p><strong>Tel\u00e9fono:<\/strong> 944167617<\/p>\n<p><strong>E-mail:<\/strong> <a href=\"mailto:info@afa-bizkaia.com\" target=\"blank_\">info@afa-bizkaia.com<\/a><\/p>\n<h2 style=\"font-size: 22px; line-height: 24px; color: #ae1158;\">Condiciones generales de uso del sitio web ASOCIACION DE FAMILIARES DE PERSONAS ENFERMAS ALZHEIMER Y OTRAS DEMENCIAS DE BIZKAIA (AFA BIZKAIA)<\/h2>\n<p>El nombre de dominio afa-bizkaia.com es titularidad de ASOCIACION DE FAMILIARES DE PERSONAS ENFERMAS ALZHEIMER Y OTRAS DEMENCIAS DE BIZKAIA (AFA BIZKAIA) y su uso exclusivo est\u00e1 reservado a \u00e9ste.<\/p>\n<p>El portal oficial de afa-bizkaia.com, tiene por objeto facilitar al p\u00fablico, en general, el conocimiento de las actividades que esta Organizaci\u00f3n realiza y de los productos y servicios que presta en materia de asociaci\u00f3n.<\/p>\n<p>El uso de este sitio Web implica la expresa y plena aceptaci\u00f3n de las condiciones aqu\u00ed expuestas, sin perjuicio de aquellas particulares que pudieran aplicarse a algunos de los productos o servicios concretos ofrecidos a trav\u00e9s del sitio Web.<\/p>\n<p>ASOCIACION DE FAMILIARES DE PERSONAS ENFERMAS ALZHEIMER Y OTRAS DEMENCIAS DE BIZKAIA (AFA BIZKAIA) se reserva la facultad de efectuar, en cualquier momento y sin necesidad de previo aviso, modificaciones y actualizaciones de la informaci\u00f3n contenida en su Web o en la configuraci\u00f3n y presentaci\u00f3n de \u00e9sta.<\/p>\n<p>Con objeto de mantener actualizada la informaci\u00f3n publicada en el portal, los contenidos del mismo podr\u00e1n ser modificados, corregidos, eliminados o a\u00f1adidos en cualquier momento, por lo que ser\u00e1 conveniente comprobar la vigencia o exactitud de los mismos acudiendo a las fuentes oficiales.<\/p>\n<h2 style=\"font-size: 22px; line-height: 24px; color: #ae1158;\">Propiedad intelectual, industrial y frames<\/h2>\n<p>Todos los elementos que forman el sitio Web, as\u00ed como su estructura, dise\u00f1o, c\u00f3digo fuente, as\u00ed como los logos, marcas y dem\u00e1s signos distintivos que aparecen en la misma, son titularidad de ASOCIACION DE FAMILIARES DE PERSONAS ENFERMAS ALZHEIMER Y OTRAS DEMENCIAS DE BIZKAIA (AFA BIZKAIA) o de sus colaboradores y est\u00e1n protegidos por los correspondientes derechos de propiedad intelectual e industrial.<\/p>\n<p>Igualmente est\u00e1n protegidos por los correspondientes derechos de propiedad intelectual e industrial las im\u00e1genes y otros elementos gr\u00e1ficos contenidos en los portales.<\/p>\n<p>ASOCIACION DE FAMILIARES DE PERSONAS ENFERMAS ALZHEIMER Y OTRAS DEMENCIAS DE BIZKAIA (AFA BIZKAIA) proh\u00edbe expresamente la realizaci\u00f3n de \u201cframings\u201d o la utilizaci\u00f3n por parte de terceros de cualesquiera otros mecanismos que alteren el dise\u00f1o, configuraci\u00f3n original o contenidos de nuestros portales.<\/p>\n<p>El uso de los contenidos deber\u00e1 respetar su licenciamiento particular. De tal modo su uso, reproducci\u00f3n, distribuci\u00f3n, comunicaci\u00f3n p\u00fablica, transformaci\u00f3n o cualquier otra actividad similar o an\u00e1loga, queda totalmente prohibida salvo que medie previa y expresa autorizaci\u00f3n de ASOCIACION DE FAMILIARES DE PERSONAS ENFERMAS ALZHEIMER Y OTRAS DEMENCIAS DE BIZKAIA (AFA BIZKAIA).<\/p>\n<p>Respecto a las citas de noticias, productos y servicios de terceros, que puedan aparecer en la Web, ASOCIACION DE FAMILIARES DE PERSONAS ENFERMAS ALZHEIMER Y OTRAS DEMENCIAS DE BIZKAIA (AFA BIZKAIA) reconoce a favor de sus titulares los correspondientes derechos de propiedad industrial e intelectual, no implicando su sola menci\u00f3n o aparici\u00f3n en la Web la existencia de derechos ni de responsabilidad alguna sobre los mismos, como tampoco respaldo, patrocinio o recomendaci\u00f3n.<\/p>\n<p>ASOCIACION DE FAMILIARES DE PERSONAS ENFERMAS ALZHEIMER Y OTRAS DEMENCIAS DE BIZKAIA (AFA BIZKAIA) declara su respeto a los derechos de propiedad intelectual e industrial de terceros; por ello, si considera que nuestros portales pudieran estar violando sus derechos, rogamos se ponga en contacto con ASOCIACION DE FAMILIARES DE PERSONAS ENFERMAS ALZHEIMER Y OTRAS DEMENCIAS DE BIZKAIA (AFA BIZKAIA).<\/p>\n<h2 style=\"font-size: 22px; line-height: 24px; color: #ae1158;\">Responsabilidad<\/h2>\n<p>ASOCIACION DE FAMILIARES DE PERSONAS ENFERMAS ALZHEIMER Y OTRAS DEMENCIAS DE BIZKAIA (AFA BIZKAIA) no garantiza la inexistencia de errores en el acceso a la Web, en su contenido, ni que \u00e9ste se encuentre actualizado, aunque ASOCIACION DE FAMILIARES DE PERSONAS ENFERMAS ALZHEIMER Y OTRAS DEMENCIAS DE BIZKAIA (AFA BIZKAIA) desarrollar\u00e1 sus mejores esfuerzos para, en su caso, evitarlos, subsanarlos o actualizarlos.<\/p>\n<p>Tanto el acceso a los portales de ASOCIACION DE FAMILIARES DE PERSONAS ENFERMAS ALZHEIMER Y OTRAS DEMENCIAS DE BIZKAIA (AFA BIZKAIA) como el uso que pueda hacerse de la informaci\u00f3n contenida en los mismos es de la exclusiva responsabilidad de quien lo realiza.<\/p>\n<p>ASOCIACION DE FAMILIARES DE PERSONAS ENFERMAS ALZHEIMER Y OTRAS DEMENCIAS DE BIZKAIA (AFA BIZKAIA) no se hace responsable de los posibles errores de seguridad que se puedan producir ni de los posibles da\u00f1os que puedan causarse al sistema inform\u00e1tico del Usuario (hardware y software), los ficheros o documentos almacenados en el mismo, como consecuencia de la presencia de virus en el ordenador del Usuario utilizado para la conexi\u00f3n a los servicios y contenidos de la Web, de un mal funcionamiento del navegador o del uso de versiones no actualizadas del mismo.<\/p>\n<p>ASOCIACION DE FAMILIARES DE PERSONAS ENFERMAS ALZHEIMER Y OTRAS DEMENCIAS DE BIZKAIA (AFA BIZKAIA) no se hace responsable de la informaci\u00f3n y contenidos almacenados, a t\u00edtulo enunciativo pero no limitativo, en foros, chats, blogs, comentarios, redes sociales o cualesquiera otro medio que permita a terceros publicar contenidos de forma independiente en la p\u00e1gina web de ASOCIACION DE FAMILIARES DE PERSONAS ENFERMAS ALZHEIMER Y OTRAS DEMENCIAS DE BIZKAIA (AFA BIZKAIA).<\/p>\n<p>No obstante y en cumplimiento de lo dispuesto en la LSSI, ASOCIACION DE FAMILIARES DE PERSONAS ENFERMAS ALZHEIMER Y OTRAS DEMENCIAS DE BIZKAIA (AFA BIZKAIA) se pone a disposici\u00f3n de todos los usuarios, autoridades y fuerzas de seguridad, y colaborando de forma activa en la retirada o en su caso bloqueo de todos aquellos contenidos que pudieran afectar o contravenir la legislaci\u00f3n nacional, o internacional, derechos de terceros o la moral y el orden p\u00fablico. En caso de que el usuario considere que existe en el sitio web alg\u00fan contenido que pudiera ser susceptible de esta clasificaci\u00f3n, rogamos se ponga en contacto con ASOCIACION DE FAMILIARES DE PERSONAS ENFERMAS ALZHEIMER Y OTRAS DEMENCIAS DE BIZKAIA (AFA BIZKAIA).<\/p>\n<h2 style=\"font-size: 22px; line-height: 24px; color: #ae1158;\">Links o hiperenlaces<\/h2>\n<p>La Web puede contener enlaces a contenidos que dirijan a contenidos Web de terceros. El objetivo de dichos enlaces es \u00fanicamente facilitarle la b\u00fasqueda de los recursos que le puedan interesar a trav\u00e9s de Internet. No obstante, dichas p\u00e1ginas no pertenecen a ASOCIACION DE FAMILIARES DE PERSONAS ENFERMAS ALZHEIMER Y OTRAS DEMENCIAS DE BIZKAIA (AFA BIZKAIA), ni hace una revisi\u00f3n de sus contenidos y, por ello, ASOCIACION DE FAMILIARES DE PERSONAS ENFERMAS ALZHEIMER Y OTRAS DEMENCIAS DE BIZKAIA (AFA BIZKAIA) no asume ninguna responsabilidad por el contenido, informaciones o servicios que pudieran aparecer en dichos sitios, que tendr\u00e1n exclusivamente car\u00e1cter informativo y que en ning\u00fan caso implican relaci\u00f3n alguna entre ASOCIACION DE FAMILIARES DE PERSONAS ENFERMAS ALZHEIMER Y OTRAS DEMENCIAS DE BIZKAIA (AFA BIZKAIA) y a las personas o entidades titulares de tales contenidos o titulares de los sitios donde se encuentren. ASOCIACION DE FAMILIARES DE PERSONAS ENFERMAS ALZHEIMER Y OTRAS DEMENCIAS DE BIZKAIA (AFA BIZKAIA) tampoco puede hacerse responsable del funcionamiento de la p\u00e1gina enlazada o de los posibles da\u00f1os que puedan derivarse del acceso o uso de la misma.<\/p>\n<p>Los enlaces a la web de ASOCIACION DE FAMILIARES DE PERSONAS ENFERMAS ALZHEIMER Y OTRAS DEMENCIAS DE BIZKAIA (AFA BIZKAIA) deber\u00e1n respetar las siguientes condiciones:<\/p>\n<ol>\n<li>El establecimiento del enlace no supondr\u00e1 per se ning\u00fan tipo de acuerdo, contrato, patrocinio ni recomendaci\u00f3n por parte de ASOCIACION DE FAMILIARES DE PERSONAS ENFERMAS ALZHEIMER Y OTRAS DEMENCIAS DE BIZKAIA (AFA BIZKAIA) de la p\u00e1gina que realiza el enlace.<\/li>\n<li>La p\u00e1gina web en la que se establezca el hiperenlace no contendr\u00e1 informaciones con contenidos que sean il\u00edcitos, discriminatorios, contrarios a los principios \u00e9ticos com\u00fanmente aceptados o atenten contra el orden p\u00fablico, as\u00ed como tampoco contendr\u00e1 contenidos contrarios a cualesquiera derechos de terceros.<\/li>\n<li>ASOCIACION DE FAMILIARES DE PERSONAS ENFERMAS ALZHEIMER Y OTRAS DEMENCIAS DE BIZKAIA (AFA BIZKAIA) podr\u00e1 solicitar que se retire un enlace a su web, sin necesidad de alegar causa alguna. En tal caso, la p\u00e1gina que haya realizado el enlace deber\u00e1 proceder a su inmediata supresi\u00f3n, tan pronto como reciba la notificaci\u00f3n ASOCIACION DE FAMILIARES DE PERSONAS ENFERMAS ALZHEIMER Y OTRAS DEMENCIAS DE BIZKAIA (AFA BIZKAIA).<\/li>\n<li>No se responsabiliza en modo alguno ni garantiza la calidad, exactitud, fiabilidad, correcci\u00f3n o moralidad de contenidos o servicios que el establecimiento del hiperenlace pueda ofrecer. El usuario asume bajo su exclusiva responsabilidad las consecuencias, da\u00f1os o acciones que pudieran derivarse del acceso a la p\u00e1gina web del hiperenlace.<\/li>\n<\/ol>\n<h2 style=\"font-size: 22px; line-height: 24px; color: #ae1158;\">Protecci\u00f3n de Datos Personales<\/h2>\n<p>ASOCIACION DE FAMILIARES DE PERSONAS ENFERMAS ALZHEIMER Y OTRAS DEMENCIAS DE BIZKAIA (AFA BIZKAIA) se encuentra profundamente comprometido con el cumplimiento de la normativa de protecci\u00f3n de datos de car\u00e1cter personal, y garantiza el cumplimiento \u00edntegro de las obligaciones dispuestas, as\u00ed como la implementaci\u00f3n de las medidas de seguridad apropiadas para garantizar un nivel de seguridad adecuado al riesgo.<\/p>\n<p>ASOCIACION DE FAMILIARES DE PERSONAS ENFERMAS ALZHEIMER Y OTRAS DEMENCIAS DE BIZKAIA (AFA BIZKAIA) pone a disposici\u00f3n de los usuarios su Pol\u00edtica de Privacidad.<\/p>\n<h2 style=\"font-size: 22px; line-height: 24px; color: #ae1158;\">Ley aplicable y jurisdicci\u00f3n<\/h2>\n<p>La ley aplicable en caso de disputa o conflicto de interpretaci\u00f3n de los t\u00e9rminos que conforman este Aviso Legal, as\u00ed como cualquier cuesti\u00f3n relacionada con los servicios del presente Portal, ser\u00e1 la ley espa\u00f1ola.<\/p>\n<p>Para la resoluci\u00f3n de cualquier conflicto que pueda surgir con ocasi\u00f3n de la visita al Portal o del uso de los servicios que en \u00e9l se puedan ofertar, ASOCIACION DE FAMILIARES DE PERSONAS ENFERMAS ALZHEIMER Y OTRAS DEMENCIAS DE BIZKAIA (AFA BIZKAIA) y el Usuario acuerdan someterse a los Jueces y Tribunales de domicilio de ASOCIACION DE FAMILIARES DE PERSONAS ENFERMAS ALZHEIMER Y OTRAS DEMENCIAS DE BIZKAIA (AFA BIZKAIA).<\/p>\n","protected":false},"excerpt":{"rendered":"<p>En cumplimiento de la Ley 34\/2002, de 11 de julio, de servicios de la sociedad de la informaci\u00f3n y de comercio electr\u00f3nico (LSSI), le informamos de que: ASOCIACION DE FAMILIARES DE&#8230; <a class=\"newsReadmore\" href=\"https:\/\/www.afa-bizkaia.com\/eu\/legezko-oharra\/\">Gehiago<\/a><\/p>\n","protected":false},"author":1,"featured_media":0,"parent":0,"menu_order":0,"comment_status":"closed","ping_status":"closed","template":"","meta":{"_genesis_hide_title":false,"_genesis_hide_breadcrumbs":false,"_genesis_hide_singular_image":false,"_genesis_hide_footer_widgets":false,"_genesis_custom_body_class":"","_genesis_custom_post_class":"","_genesis_layout":"","footnotes":""},"class_list":{"0":"post-188","1":"page","2":"type-page","3":"status-publish","5":"entry"},"_links":{"self":[{"href":"https:\/\/www.afa-bizkaia.com\/eu\/wp-json\/wp\/v2\/pages\/188","targetHints":{"allow":["GET"]}}],"collection":[{"href":"https:\/\/www.afa-bizkaia.com\/eu\/wp-json\/wp\/v2\/pages"}],"about":[{"href":"https:\/\/www.afa-bizkaia.com\/eu\/wp-json\/wp\/v2\/types\/page"}],"author":[{"embeddable":true,"href":"https:\/\/www.afa-bizkaia.com\/eu\/wp-json\/wp\/v2\/users\/1"}],"replies":[{"embeddable":true,"href":"https:\/\/www.afa-bizkaia.com\/eu\/wp-json\/wp\/v2\/comments?post=188"}],"version-history":[{"count":0,"href":"https:\/\/www.afa-bizkaia.com\/eu\/wp-json\/wp\/v2\/pages\/188\/revisions"}],"wp:attachment":[{"href":"https:\/\/www.afa-bizkaia.com\/eu\/wp-json\/wp\/v2\/media?parent=188"}],"curies":[{"name":"wp","href":"https:\/\/api.w.org\/{rel}","templated":true}]}}